{"id":3754,"date":"2023-07-03T12:05:59","date_gmt":"2023-07-03T10:05:59","guid":{"rendered":"https:\/\/polmarpack.com\/?page_id=3754"},"modified":"2025-01-29T09:54:07","modified_gmt":"2025-01-29T08:54:07","slug":"strona-glowna","status":"publish","type":"page","link":"https:\/\/polmarpack.com\/de\/","title":{"rendered":"Strona g\u0142\u00f3wna"},"content":{"rendered":"<p>To jest przyk\u0142adowa strona. Strony s\u0105 inne ni\u017c wpisy na blogu, poniewa\u017c nie tylko znajduj\u0105 si\u0119 zawsze w&nbsp;jednym miejscu, ale tak\u017ce pojawiaj\u0105 si\u0119 w&nbsp;menu witryny (w wi\u0119kszo\u015bci motyw\u00f3w). Wi\u0119kszo\u015b\u0107 u\u017cytkownik\u00f3w umieszcza na swoich witrynach stron\u0119 z&nbsp;informacjami o&nbsp;sobie, dzi\u0119ki kt\u00f3rym przedstawiaj\u0105 si\u0119 odwiedzaj\u0105cym ich witryn\u0119. Taka strona mo\u017ce zawiera\u0107 na przyk\u0142ad taki tekst:<\/p>\n<blockquote><p>Cze\u015b\u0107! Za dnia jestem go\u0144cem, a&nbsp;noc\u0105 pr\u00f3buj\u0119 swoich si\u0142 w&nbsp;aktorstwie. To jest moja witryna. Mieszkam w&nbsp;Los Angeles, mam wspania\u0142ego psa, kt\u00f3ry wabi si\u0119 Jack i&nbsp;lubi\u0119 pi\u00f1a colad\u0119 (a tak\u017ce spacery, gdy pada deszcz).<\/p><\/blockquote>\n<p>&#8230; lub taki:<\/p>\n<blockquote><p>Firma Wihajstry XYZ zosta\u0142a za\u0142o\u017cona w&nbsp;1971 roku i&nbsp;od pocz\u0105tku swojego istnienia zajmuje si\u0119 produkcj\u0105 najlepszych wihajstr\u00f3w. W naszej siedzibie w&nbsp;Gotham City pracuje ponad 2000 os\u00f3b, kt\u00f3re zajmuj\u0105 si\u0119 robieniem ca\u0142ej masy fantastycznych rzeczy dla mieszka\u0144c\u00f3w Gotham.<\/p><\/blockquote>\n<p>Jako nowy u\u017cytkownik WordPressa powiniene\u015b przej\u015b\u0107 do <a href=\"http:\/\/polmarpack.pl\/wp-admin\/\">swojego kokpitu<\/a>, aby usun\u0105\u0107 t\u0119 stron\u0119 i&nbsp;utworzy\u0107 nowe strony z&nbsp;w\u0142asn\u0105 tre\u015bci\u0105. Baw si\u0119 dobrze!<\/p>\n","protected":false},"excerpt":{"rendered":"<p>To jest przyk\u0142adowa strona. Strony s\u0105 inne ni\u017c wpisy na blogu, poniewa\u017c nie tylko znajduj\u0105 si\u0119 zawsze w&nbsp;jednym miejscu, ale tak\u017ce pojawiaj\u0105 si\u0119 w&nbsp;menu witryny (w wi\u0119kszo\u015bci motyw\u00f3w). Wi\u0119kszo\u015b\u0107 u\u017cytkownik\u00f3w umieszcza na swoich witrynach stron\u0119 z&nbsp;informacjami o&nbsp;sobie, dzi\u0119ki kt\u00f3rym przedstawiaj\u0105 si\u0119 odwiedzaj\u0105cym ich witryn\u0119. Taka strona mo\u017ce zawiera\u0107 na przyk\u0142ad taki tekst: Cze\u015b\u0107! Za dnia&#8230;<\/p>\n","protected":false},"author":2,"featured_media":0,"parent":0,"menu_order":0,"comment_status":"closed","ping_status":"closed","template":"page-templates\/strona-glowna.php","meta":{"inline_featured_image":false,"footnotes":""},"class_list":["post-3754","page","type-page","status-publish","hentry"],"acf":[],"yoast_head":"<!-- This site is optimized with the Yoast SEO plugin v27.0 - https:\/\/yoast.com\/product\/yoast-seo-wordpress\/ -->\n<title>Strona g\u0142\u00f3wna - Polmar Pack - opakowania przemys\u0142owe, elementy opakowa\u0144, naro\u017cniki, uchwyty, profile U<\/title>\n<meta name=\"robots\" content=\"index, follow, max-snippet:-1, max-image-preview:large, max-video-preview:-1\" \/>\n<link rel=\"canonical\" href=\"https:\/\/polmarpack.com\/de\/\" \/>\n<meta property=\"og:locale\" content=\"de_DE\" \/>\n<meta property=\"og:type\" content=\"article\" \/>\n<meta property=\"og:title\" content=\"Strona g\u0142\u00f3wna - Polmar Pack - opakowania przemys\u0142owe, elementy opakowa\u0144, naro\u017cniki, uchwyty, profile U\" \/>\n<meta property=\"og:description\" content=\"To jest przyk\u0142adowa strona. Strony s\u0105 inne ni\u017c wpisy na blogu, poniewa\u017c nie tylko znajduj\u0105 si\u0119 zawsze w&nbsp;jednym miejscu, ale tak\u017ce pojawiaj\u0105 si\u0119 w&nbsp;menu witryny (w wi\u0119kszo\u015bci motyw\u00f3w). Wi\u0119kszo\u015b\u0107 u\u017cytkownik\u00f3w umieszcza na swoich witrynach stron\u0119 z&nbsp;informacjami o&nbsp;sobie, dzi\u0119ki kt\u00f3rym przedstawiaj\u0105 si\u0119 odwiedzaj\u0105cym ich witryn\u0119. Taka strona mo\u017ce zawiera\u0107 na przyk\u0142ad taki tekst: Cze\u015b\u0107! Za dnia...\" \/>\n<meta property=\"og:url\" content=\"https:\/\/polmarpack.com\/de\/\" \/>\n<meta property=\"og:site_name\" content=\"Polmar Pack - opakowania przemys\u0142owe, elementy opakowa\u0144, naro\u017cniki, uchwyty, profile U\" \/>\n<meta property=\"article:modified_time\" content=\"2025-01-29T08:54:07+00:00\" \/>\n<meta name=\"twitter:card\" content=\"summary_large_image\" \/>\n<meta name=\"twitter:label1\" content=\"Gesch\u00e4tzte Lesezeit\" \/>\n\t<meta name=\"twitter:data1\" content=\"1\u00a0Minute\" \/>\n<script type=\"application\/ld+json\" class=\"yoast-schema-graph\">{\"@context\":\"https:\/\/schema.org\",\"@graph\":[{\"@type\":\"WebPage\",\"@id\":\"https:\/\/polmarpack.com\/de\/\",\"url\":\"https:\/\/polmarpack.com\/de\/\",\"name\":\"Strona g\u0142\u00f3wna - Polmar Pack - opakowania przemys\u0142owe, elementy opakowa\u0144, naro\u017cniki, uchwyty, profile U\",\"isPartOf\":{\"@id\":\"https:\/\/polmarpack.com\/#website\"},\"datePublished\":\"2023-07-03T10:05:59+00:00\",\"dateModified\":\"2025-01-29T08:54:07+00:00\",\"inLanguage\":\"de\",\"potentialAction\":[{\"@type\":\"ReadAction\",\"target\":[\"https:\/\/polmarpack.com\/de\/\"]}]},{\"@type\":\"WebSite\",\"@id\":\"https:\/\/polmarpack.com\/#website\",\"url\":\"https:\/\/polmarpack.com\/\",\"name\":\"Polmar Pack - opakowania przemys\u0142owe, elementy opakowa\u0144, naro\u017cniki, uchwyty, profile U\",\"description\":\"Projektowanie i produkcja komponent\u00f3w z tworzyw sztucznych do opakowa\u0144 przemys\u0142owych przy pomocy nowoczesnego zaplecza techniczno-maszynowego.\",\"potentialAction\":[{\"@type\":\"SearchAction\",\"target\":{\"@type\":\"EntryPoint\",\"urlTemplate\":\"https:\/\/polmarpack.com\/?s={search_term_string}\"},\"query-input\":{\"@type\":\"PropertyValueSpecification\",\"valueRequired\":true,\"valueName\":\"search_term_string\"}}],\"inLanguage\":\"de\"}]}<\/script>\n<!-- \/ Yoast SEO plugin. -->","yoast_head_json":{"title":"Strona g\u0142\u00f3wna - Polmar Pack - opakowania przemys\u0142owe, elementy opakowa\u0144, naro\u017cniki, uchwyty, profile U","robots":{"index":"index","follow":"follow","max-snippet":"max-snippet:-1","max-image-preview":"max-image-preview:large","max-video-preview":"max-video-preview:-1"},"canonical":"https:\/\/polmarpack.com\/de\/","og_locale":"de_DE","og_type":"article","og_title":"Strona g\u0142\u00f3wna - Polmar Pack - opakowania przemys\u0142owe, elementy opakowa\u0144, naro\u017cniki, uchwyty, profile U","og_description":"To jest przyk\u0142adowa strona. Strony s\u0105 inne ni\u017c wpisy na blogu, poniewa\u017c nie tylko znajduj\u0105 si\u0119 zawsze w&nbsp;jednym miejscu, ale tak\u017ce pojawiaj\u0105 si\u0119 w&nbsp;menu witryny (w wi\u0119kszo\u015bci motyw\u00f3w). Wi\u0119kszo\u015b\u0107 u\u017cytkownik\u00f3w umieszcza na swoich witrynach stron\u0119 z&nbsp;informacjami o&nbsp;sobie, dzi\u0119ki kt\u00f3rym przedstawiaj\u0105 si\u0119 odwiedzaj\u0105cym ich witryn\u0119. Taka strona mo\u017ce zawiera\u0107 na przyk\u0142ad taki tekst: Cze\u015b\u0107! Za dnia...","og_url":"https:\/\/polmarpack.com\/de\/","og_site_name":"Polmar Pack - opakowania przemys\u0142owe, elementy opakowa\u0144, naro\u017cniki, uchwyty, profile U","article_modified_time":"2025-01-29T08:54:07+00:00","twitter_card":"summary_large_image","twitter_misc":{"Gesch\u00e4tzte Lesezeit":"1\u00a0Minute"},"schema":{"@context":"https:\/\/schema.org","@graph":[{"@type":"WebPage","@id":"https:\/\/polmarpack.com\/de\/","url":"https:\/\/polmarpack.com\/de\/","name":"Strona g\u0142\u00f3wna - Polmar Pack - opakowania przemys\u0142owe, elementy opakowa\u0144, naro\u017cniki, uchwyty, profile U","isPartOf":{"@id":"https:\/\/polmarpack.com\/#website"},"datePublished":"2023-07-03T10:05:59+00:00","dateModified":"2025-01-29T08:54:07+00:00","inLanguage":"de","potentialAction":[{"@type":"ReadAction","target":["https:\/\/polmarpack.com\/de\/"]}]},{"@type":"WebSite","@id":"https:\/\/polmarpack.com\/#website","url":"https:\/\/polmarpack.com\/","name":"Polmar Pack - opakowania przemys\u0142owe, elementy opakowa\u0144, naro\u017cniki, uchwyty, profile U","description":"Projektowanie i produkcja komponent\u00f3w z tworzyw sztucznych do opakowa\u0144 przemys\u0142owych przy pomocy nowoczesnego zaplecza techniczno-maszynowego.","potentialAction":[{"@type":"SearchAction","target":{"@type":"EntryPoint","urlTemplate":"https:\/\/polmarpack.com\/?s={search_term_string}"},"query-input":{"@type":"PropertyValueSpecification","valueRequired":true,"valueName":"search_term_string"}}],"inLanguage":"de"}]}},"_links":{"self":[{"href":"https:\/\/polmarpack.com\/de\/wp-json\/wp\/v2\/pages\/3754","targetHints":{"allow":["GET"]}}],"collection":[{"href":"https:\/\/polmarpack.com\/de\/wp-json\/wp\/v2\/pages"}],"about":[{"href":"https:\/\/polmarpack.com\/de\/wp-json\/wp\/v2\/types\/page"}],"author":[{"embeddable":true,"href":"https:\/\/polmarpack.com\/de\/wp-json\/wp\/v2\/users\/2"}],"replies":[{"embeddable":true,"href":"https:\/\/polmarpack.com\/de\/wp-json\/wp\/v2\/comments?post=3754"}],"version-history":[{"count":7,"href":"https:\/\/polmarpack.com\/de\/wp-json\/wp\/v2\/pages\/3754\/revisions"}],"predecessor-version":[{"id":4512,"href":"https:\/\/polmarpack.com\/de\/wp-json\/wp\/v2\/pages\/3754\/revisions\/4512"}],"wp:attachment":[{"href":"https:\/\/polmarpack.com\/de\/wp-json\/wp\/v2\/media?parent=3754"}],"curies":[{"name":"wp","href":"https:\/\/api.w.org\/{rel}","templated":true}]}}