{"id":3974,"date":"2023-07-14T15:43:42","date_gmt":"2023-07-14T13:43:42","guid":{"rendered":"https:\/\/polmarpack.com\/?page_id=3974"},"modified":"2023-07-14T15:43:42","modified_gmt":"2023-07-14T13:43:42","slug":"cookie-richtlinie","status":"publish","type":"page","link":"https:\/\/polmarpack.com\/de\/cookie-richtlinie\/","title":{"rendered":"COOKIE-RICHTLINIE"},"content":{"rendered":"","protected":false},"excerpt":{"rendered":"","protected":false},"author":2,"featured_media":0,"parent":0,"menu_order":0,"comment_status":"closed","ping_status":"closed","template":"","meta":{"inline_featured_image":false,"footnotes":""},"class_list":["post-3974","page","type-page","status-publish","hentry"],"acf":[],"yoast_head":"<!-- This site is optimized with the Yoast SEO plugin v27.0 - https:\/\/yoast.com\/product\/yoast-seo-wordpress\/ -->\n<title>COOKIE-RICHTLINIE - Polmar Pack - opakowania przemys\u0142owe, elementy opakowa\u0144, naro\u017cniki, uchwyty, profile U<\/title>\n<meta name=\"robots\" content=\"index, follow, max-snippet:-1, max-image-preview:large, max-video-preview:-1\" \/>\n<link rel=\"canonical\" href=\"https:\/\/polmarpack.com\/de\/cookie-richtlinie\/\" \/>\n<meta property=\"og:locale\" content=\"de_DE\" \/>\n<meta property=\"og:type\" content=\"article\" \/>\n<meta property=\"og:title\" content=\"COOKIE-RICHTLINIE - Polmar Pack - opakowania przemys\u0142owe, elementy opakowa\u0144, naro\u017cniki, uchwyty, profile U\" \/>\n<meta property=\"og:url\" content=\"https:\/\/polmarpack.com\/de\/cookie-richtlinie\/\" \/>\n<meta property=\"og:site_name\" content=\"Polmar Pack - opakowania przemys\u0142owe, elementy opakowa\u0144, naro\u017cniki, uchwyty, profile U\" \/>\n<meta name=\"twitter:card\" content=\"summary_large_image\" \/>\n<script type=\"application\/ld+json\" class=\"yoast-schema-graph\">{\"@context\":\"https:\/\/schema.org\",\"@graph\":[{\"@type\":\"WebPage\",\"@id\":\"https:\/\/polmarpack.com\/de\/cookie-richtlinie\/\",\"url\":\"https:\/\/polmarpack.com\/de\/cookie-richtlinie\/\",\"name\":\"COOKIE-RICHTLINIE - Polmar Pack - opakowania przemys\u0142owe, elementy opakowa\u0144, naro\u017cniki, uchwyty, profile U\",\"isPartOf\":{\"@id\":\"https:\/\/polmarpack.com\/#website\"},\"datePublished\":\"2023-07-14T13:43:42+00:00\",\"inLanguage\":\"de\",\"potentialAction\":[{\"@type\":\"ReadAction\",\"target\":[\"https:\/\/polmarpack.com\/de\/cookie-richtlinie\/\"]}]},{\"@type\":\"WebSite\",\"@id\":\"https:\/\/polmarpack.com\/#website\",\"url\":\"https:\/\/polmarpack.com\/\",\"name\":\"Polmar Pack - opakowania przemys\u0142owe, elementy opakowa\u0144, naro\u017cniki, uchwyty, profile U\",\"description\":\"Projektowanie i produkcja komponent\u00f3w z tworzyw sztucznych do opakowa\u0144 przemys\u0142owych przy pomocy nowoczesnego zaplecza techniczno-maszynowego.\",\"potentialAction\":[{\"@type\":\"SearchAction\",\"target\":{\"@type\":\"EntryPoint\",\"urlTemplate\":\"https:\/\/polmarpack.com\/?s={search_term_string}\"},\"query-input\":{\"@type\":\"PropertyValueSpecification\",\"valueRequired\":true,\"valueName\":\"search_term_string\"}}],\"inLanguage\":\"de\"}]}<\/script>\n<!-- \/ Yoast SEO plugin. -->","yoast_head_json":{"title":"COOKIE-RICHTLINIE - Polmar Pack - opakowania przemys\u0142owe, elementy opakowa\u0144, naro\u017cniki, uchwyty, profile U","robots":{"index":"index","follow":"follow","max-snippet":"max-snippet:-1","max-image-preview":"max-image-preview:large","max-video-preview":"max-video-preview:-1"},"canonical":"https:\/\/polmarpack.com\/de\/cookie-richtlinie\/","og_locale":"de_DE","og_type":"article","og_title":"COOKIE-RICHTLINIE - Polmar Pack - opakowania przemys\u0142owe, elementy opakowa\u0144, naro\u017cniki, uchwyty, profile U","og_url":"https:\/\/polmarpack.com\/de\/cookie-richtlinie\/","og_site_name":"Polmar Pack - opakowania przemys\u0142owe, elementy opakowa\u0144, naro\u017cniki, uchwyty, profile U","twitter_card":"summary_large_image","schema":{"@context":"https:\/\/schema.org","@graph":[{"@type":"WebPage","@id":"https:\/\/polmarpack.com\/de\/cookie-richtlinie\/","url":"https:\/\/polmarpack.com\/de\/cookie-richtlinie\/","name":"COOKIE-RICHTLINIE - Polmar Pack - opakowania przemys\u0142owe, elementy opakowa\u0144, naro\u017cniki, uchwyty, profile U","isPartOf":{"@id":"https:\/\/polmarpack.com\/#website"},"datePublished":"2023-07-14T13:43:42+00:00","inLanguage":"de","potentialAction":[{"@type":"ReadAction","target":["https:\/\/polmarpack.com\/de\/cookie-richtlinie\/"]}]},{"@type":"WebSite","@id":"https:\/\/polmarpack.com\/#website","url":"https:\/\/polmarpack.com\/","name":"Polmar Pack - opakowania przemys\u0142owe, elementy opakowa\u0144, naro\u017cniki, uchwyty, profile U","description":"Projektowanie i produkcja komponent\u00f3w z tworzyw sztucznych do opakowa\u0144 przemys\u0142owych przy pomocy nowoczesnego zaplecza techniczno-maszynowego.","potentialAction":[{"@type":"SearchAction","target":{"@type":"EntryPoint","urlTemplate":"https:\/\/polmarpack.com\/?s={search_term_string}"},"query-input":{"@type":"PropertyValueSpecification","valueRequired":true,"valueName":"search_term_string"}}],"inLanguage":"de"}]}},"_links":{"self":[{"href":"https:\/\/polmarpack.com\/de\/wp-json\/wp\/v2\/pages\/3974","targetHints":{"allow":["GET"]}}],"collection":[{"href":"https:\/\/polmarpack.com\/de\/wp-json\/wp\/v2\/pages"}],"about":[{"href":"https:\/\/polmarpack.com\/de\/wp-json\/wp\/v2\/types\/page"}],"author":[{"embeddable":true,"href":"https:\/\/polmarpack.com\/de\/wp-json\/wp\/v2\/users\/2"}],"replies":[{"embeddable":true,"href":"https:\/\/polmarpack.com\/de\/wp-json\/wp\/v2\/comments?post=3974"}],"version-history":[{"count":3,"href":"https:\/\/polmarpack.com\/de\/wp-json\/wp\/v2\/pages\/3974\/revisions"}],"predecessor-version":[{"id":3977,"href":"https:\/\/polmarpack.com\/de\/wp-json\/wp\/v2\/pages\/3974\/revisions\/3977"}],"wp:attachment":[{"href":"https:\/\/polmarpack.com\/de\/wp-json\/wp\/v2\/media?parent=3974"}],"curies":[{"name":"wp","href":"https:\/\/api.w.org\/{rel}","templated":true}]}}