{"id":4593,"date":"2025-07-08T14:07:13","date_gmt":"2025-07-08T12:07:13","guid":{"rendered":"https:\/\/polmarpack.com\/?page_id=4593"},"modified":"2025-07-08T14:07:48","modified_gmt":"2025-07-08T12:07:48","slug":"kontakt","status":"publish","type":"page","link":"https:\/\/polmarpack.com\/de\/kontakt\/","title":{"rendered":"Kontakt"},"content":{"rendered":"","protected":false},"excerpt":{"rendered":"","protected":false},"author":1,"featured_media":0,"parent":0,"menu_order":0,"comment_status":"closed","ping_status":"closed","template":"page-templates\/kontakt.php","meta":{"inline_featured_image":false,"footnotes":""},"class_list":["post-4593","page","type-page","status-publish","hentry"],"acf":[],"yoast_head":"<!-- This site is optimized with the Yoast SEO plugin v27.0 - https:\/\/yoast.com\/product\/yoast-seo-wordpress\/ -->\n<title>PolmarPack - elementy opakowa\u0144<\/title>\n<meta name=\"description\" content=\"PolmarPack - elementy opakowa\u0144\" \/>\n<meta name=\"robots\" content=\"index, follow, max-snippet:-1, max-image-preview:large, max-video-preview:-1\" \/>\n<link rel=\"canonical\" href=\"https:\/\/polmarpack.com\/de\/kontakt\/\" \/>\n<meta property=\"og:locale\" content=\"de_DE\" \/>\n<meta property=\"og:type\" content=\"article\" \/>\n<meta property=\"og:title\" content=\"PolmarPack - elementy opakowa\u0144\" \/>\n<meta property=\"og:description\" content=\"PolmarPack - elementy opakowa\u0144\" \/>\n<meta property=\"og:url\" content=\"https:\/\/polmarpack.com\/de\/kontakt\/\" \/>\n<meta property=\"og:site_name\" content=\"Polmar Pack - opakowania przemys\u0142owe, elementy opakowa\u0144, naro\u017cniki, uchwyty, profile U\" \/>\n<meta property=\"article:modified_time\" content=\"2025-07-08T12:07:48+00:00\" \/>\n<meta name=\"twitter:card\" content=\"summary_large_image\" \/>\n<script type=\"application\/ld+json\" class=\"yoast-schema-graph\">{\"@context\":\"https:\/\/schema.org\",\"@graph\":[{\"@type\":\"WebPage\",\"@id\":\"https:\/\/polmarpack.com\/de\/kontakt\/\",\"url\":\"https:\/\/polmarpack.com\/de\/kontakt\/\",\"name\":\"PolmarPack - elementy opakowa\u0144\",\"isPartOf\":{\"@id\":\"https:\/\/polmarpack.com\/#website\"},\"datePublished\":\"2025-07-08T12:07:13+00:00\",\"dateModified\":\"2025-07-08T12:07:48+00:00\",\"description\":\"PolmarPack - elementy opakowa\u0144\",\"inLanguage\":\"de\",\"potentialAction\":[{\"@type\":\"ReadAction\",\"target\":[\"https:\/\/polmarpack.com\/de\/kontakt\/\"]}]},{\"@type\":\"WebSite\",\"@id\":\"https:\/\/polmarpack.com\/#website\",\"url\":\"https:\/\/polmarpack.com\/\",\"name\":\"Polmar Pack - opakowania przemys\u0142owe, elementy opakowa\u0144, naro\u017cniki, uchwyty, profile U\",\"description\":\"Projektowanie i produkcja komponent\u00f3w z tworzyw sztucznych do opakowa\u0144 przemys\u0142owych przy pomocy nowoczesnego zaplecza techniczno-maszynowego.\",\"potentialAction\":[{\"@type\":\"SearchAction\",\"target\":{\"@type\":\"EntryPoint\",\"urlTemplate\":\"https:\/\/polmarpack.com\/?s={search_term_string}\"},\"query-input\":{\"@type\":\"PropertyValueSpecification\",\"valueRequired\":true,\"valueName\":\"search_term_string\"}}],\"inLanguage\":\"de\"}]}<\/script>\n<!-- \/ Yoast SEO plugin. -->","yoast_head_json":{"title":"PolmarPack - elementy opakowa\u0144","description":"PolmarPack - elementy opakowa\u0144","robots":{"index":"index","follow":"follow","max-snippet":"max-snippet:-1","max-image-preview":"max-image-preview:large","max-video-preview":"max-video-preview:-1"},"canonical":"https:\/\/polmarpack.com\/de\/kontakt\/","og_locale":"de_DE","og_type":"article","og_title":"PolmarPack - elementy opakowa\u0144","og_description":"PolmarPack - elementy opakowa\u0144","og_url":"https:\/\/polmarpack.com\/de\/kontakt\/","og_site_name":"Polmar Pack - opakowania przemys\u0142owe, elementy opakowa\u0144, naro\u017cniki, uchwyty, profile U","article_modified_time":"2025-07-08T12:07:48+00:00","twitter_card":"summary_large_image","schema":{"@context":"https:\/\/schema.org","@graph":[{"@type":"WebPage","@id":"https:\/\/polmarpack.com\/de\/kontakt\/","url":"https:\/\/polmarpack.com\/de\/kontakt\/","name":"PolmarPack - elementy opakowa\u0144","isPartOf":{"@id":"https:\/\/polmarpack.com\/#website"},"datePublished":"2025-07-08T12:07:13+00:00","dateModified":"2025-07-08T12:07:48+00:00","description":"PolmarPack - elementy opakowa\u0144","inLanguage":"de","potentialAction":[{"@type":"ReadAction","target":["https:\/\/polmarpack.com\/de\/kontakt\/"]}]},{"@type":"WebSite","@id":"https:\/\/polmarpack.com\/#website","url":"https:\/\/polmarpack.com\/","name":"Polmar Pack - opakowania przemys\u0142owe, elementy opakowa\u0144, naro\u017cniki, uchwyty, profile U","description":"Projektowanie i produkcja komponent\u00f3w z tworzyw sztucznych do opakowa\u0144 przemys\u0142owych przy pomocy nowoczesnego zaplecza techniczno-maszynowego.","potentialAction":[{"@type":"SearchAction","target":{"@type":"EntryPoint","urlTemplate":"https:\/\/polmarpack.com\/?s={search_term_string}"},"query-input":{"@type":"PropertyValueSpecification","valueRequired":true,"valueName":"search_term_string"}}],"inLanguage":"de"}]}},"_links":{"self":[{"href":"https:\/\/polmarpack.com\/de\/wp-json\/wp\/v2\/pages\/4593","targetHints":{"allow":["GET"]}}],"collection":[{"href":"https:\/\/polmarpack.com\/de\/wp-json\/wp\/v2\/pages"}],"about":[{"href":"https:\/\/polmarpack.com\/de\/wp-json\/wp\/v2\/types\/page"}],"author":[{"embeddable":true,"href":"https:\/\/polmarpack.com\/de\/wp-json\/wp\/v2\/users\/1"}],"replies":[{"embeddable":true,"href":"https:\/\/polmarpack.com\/de\/wp-json\/wp\/v2\/comments?post=4593"}],"version-history":[{"count":3,"href":"https:\/\/polmarpack.com\/de\/wp-json\/wp\/v2\/pages\/4593\/revisions"}],"predecessor-version":[{"id":4596,"href":"https:\/\/polmarpack.com\/de\/wp-json\/wp\/v2\/pages\/4593\/revisions\/4596"}],"wp:attachment":[{"href":"https:\/\/polmarpack.com\/de\/wp-json\/wp\/v2\/media?parent=4593"}],"curies":[{"name":"wp","href":"https:\/\/api.w.org\/{rel}","templated":true}]}}