{"id":4598,"date":"2019-01-09T12:45:10","date_gmt":"2019-01-09T11:45:10","guid":{"rendered":"https:\/\/polmarpack.com\/o-firmie\/"},"modified":"2025-07-08T14:15:27","modified_gmt":"2025-07-08T12:15:27","slug":"o-firmie","status":"publish","type":"page","link":"https:\/\/polmarpack.com\/de\/o-firmie\/","title":{"rendered":"\u00dcber uns"},"content":{"rendered":"","protected":false},"excerpt":{"rendered":"","protected":false},"author":1,"featured_media":0,"parent":0,"menu_order":0,"comment_status":"closed","ping_status":"closed","template":"","meta":{"inline_featured_image":false,"footnotes":""},"class_list":["post-4598","page","type-page","status-publish","hentry"],"acf":[],"yoast_head":"<!-- This site is optimized with the Yoast SEO plugin v27.0 - https:\/\/yoast.com\/product\/yoast-seo-wordpress\/ -->\n<title>\u00dcber uns - Polmar Pack - opakowania przemys\u0142owe, elementy opakowa\u0144, naro\u017cniki, uchwyty, profile U<\/title>\n<meta name=\"description\" content=\"Marka PolmarPack jest w\u0142asno\u015bci\u0105 firmy Polmar Profil istniej\u0105cej na rynku tworzyw sztucznych i profili od 1991r. Produkcj\u0105 komponent\u00f3w do systemu pude\u0142 z tworzyw sztucznych zajmujemy si\u0119 od 2006r. Nowoczesny park maszynowy w tym wyt\u0142aczarki oraz wtryskarki uznanych niemieckich producent\u00f3w pozwala nam oferowa\u0107 \u015bwietne jako\u015bciowo, zaawansowane technologicznie oraz trwa\u0142e komponenty.\" \/>\n<meta name=\"robots\" content=\"index, follow, max-snippet:-1, max-image-preview:large, max-video-preview:-1\" \/>\n<link rel=\"canonical\" href=\"https:\/\/polmarpack.com\/de\/o-firmie\/\" \/>\n<meta property=\"og:locale\" content=\"de_DE\" \/>\n<meta property=\"og:type\" content=\"article\" \/>\n<meta property=\"og:title\" content=\"\u00dcber uns - Polmar Pack - opakowania przemys\u0142owe, elementy opakowa\u0144, naro\u017cniki, uchwyty, profile U\" \/>\n<meta property=\"og:description\" content=\"Marka PolmarPack jest w\u0142asno\u015bci\u0105 firmy Polmar Profil istniej\u0105cej na rynku tworzyw sztucznych i profili od 1991r. Produkcj\u0105 komponent\u00f3w do systemu pude\u0142 z tworzyw sztucznych zajmujemy si\u0119 od 2006r. Nowoczesny park maszynowy w tym wyt\u0142aczarki oraz wtryskarki uznanych niemieckich producent\u00f3w pozwala nam oferowa\u0107 \u015bwietne jako\u015bciowo, zaawansowane technologicznie oraz trwa\u0142e komponenty.\" \/>\n<meta property=\"og:url\" content=\"https:\/\/polmarpack.com\/de\/o-firmie\/\" \/>\n<meta property=\"og:site_name\" content=\"Polmar Pack - opakowania przemys\u0142owe, elementy opakowa\u0144, naro\u017cniki, uchwyty, profile U\" \/>\n<meta property=\"article:modified_time\" content=\"2025-07-08T12:15:27+00:00\" \/>\n<meta name=\"twitter:card\" content=\"summary_large_image\" \/>\n<script type=\"application\/ld+json\" class=\"yoast-schema-graph\">{\"@context\":\"https:\/\/schema.org\",\"@graph\":[{\"@type\":\"WebPage\",\"@id\":\"https:\/\/polmarpack.com\/de\/o-firmie\/\",\"url\":\"https:\/\/polmarpack.com\/de\/o-firmie\/\",\"name\":\"\u00dcber uns - Polmar Pack - opakowania przemys\u0142owe, elementy opakowa\u0144, naro\u017cniki, uchwyty, profile U\",\"isPartOf\":{\"@id\":\"https:\/\/polmarpack.com\/#website\"},\"datePublished\":\"2019-01-09T11:45:10+00:00\",\"dateModified\":\"2025-07-08T12:15:27+00:00\",\"description\":\"Marka PolmarPack jest w\u0142asno\u015bci\u0105 firmy Polmar Profil istniej\u0105cej na rynku tworzyw sztucznych i profili od 1991r. Produkcj\u0105 komponent\u00f3w do systemu pude\u0142 z tworzyw sztucznych zajmujemy si\u0119 od 2006r. Nowoczesny park maszynowy w tym wyt\u0142aczarki oraz wtryskarki uznanych niemieckich producent\u00f3w pozwala nam oferowa\u0107 \u015bwietne jako\u015bciowo, zaawansowane technologicznie oraz trwa\u0142e komponenty.\",\"inLanguage\":\"de\",\"potentialAction\":[{\"@type\":\"ReadAction\",\"target\":[\"https:\/\/polmarpack.com\/de\/o-firmie\/\"]}]},{\"@type\":\"WebSite\",\"@id\":\"https:\/\/polmarpack.com\/#website\",\"url\":\"https:\/\/polmarpack.com\/\",\"name\":\"Polmar Pack - opakowania przemys\u0142owe, elementy opakowa\u0144, naro\u017cniki, uchwyty, profile U\",\"description\":\"Projektowanie i produkcja komponent\u00f3w z tworzyw sztucznych do opakowa\u0144 przemys\u0142owych przy pomocy nowoczesnego zaplecza techniczno-maszynowego.\",\"potentialAction\":[{\"@type\":\"SearchAction\",\"target\":{\"@type\":\"EntryPoint\",\"urlTemplate\":\"https:\/\/polmarpack.com\/?s={search_term_string}\"},\"query-input\":{\"@type\":\"PropertyValueSpecification\",\"valueRequired\":true,\"valueName\":\"search_term_string\"}}],\"inLanguage\":\"de\"}]}<\/script>\n<!-- \/ Yoast SEO plugin. -->","yoast_head_json":{"title":"\u00dcber uns - Polmar Pack - opakowania przemys\u0142owe, elementy opakowa\u0144, naro\u017cniki, uchwyty, profile U","description":"Marka PolmarPack jest w\u0142asno\u015bci\u0105 firmy Polmar Profil istniej\u0105cej na rynku tworzyw sztucznych i profili od 1991r. Produkcj\u0105 komponent\u00f3w do systemu pude\u0142 z tworzyw sztucznych zajmujemy si\u0119 od 2006r. Nowoczesny park maszynowy w tym wyt\u0142aczarki oraz wtryskarki uznanych niemieckich producent\u00f3w pozwala nam oferowa\u0107 \u015bwietne jako\u015bciowo, zaawansowane technologicznie oraz trwa\u0142e komponenty.","robots":{"index":"index","follow":"follow","max-snippet":"max-snippet:-1","max-image-preview":"max-image-preview:large","max-video-preview":"max-video-preview:-1"},"canonical":"https:\/\/polmarpack.com\/de\/o-firmie\/","og_locale":"de_DE","og_type":"article","og_title":"\u00dcber uns - Polmar Pack - opakowania przemys\u0142owe, elementy opakowa\u0144, naro\u017cniki, uchwyty, profile U","og_description":"Marka PolmarPack jest w\u0142asno\u015bci\u0105 firmy Polmar Profil istniej\u0105cej na rynku tworzyw sztucznych i profili od 1991r. Produkcj\u0105 komponent\u00f3w do systemu pude\u0142 z tworzyw sztucznych zajmujemy si\u0119 od 2006r. Nowoczesny park maszynowy w tym wyt\u0142aczarki oraz wtryskarki uznanych niemieckich producent\u00f3w pozwala nam oferowa\u0107 \u015bwietne jako\u015bciowo, zaawansowane technologicznie oraz trwa\u0142e komponenty.","og_url":"https:\/\/polmarpack.com\/de\/o-firmie\/","og_site_name":"Polmar Pack - opakowania przemys\u0142owe, elementy opakowa\u0144, naro\u017cniki, uchwyty, profile U","article_modified_time":"2025-07-08T12:15:27+00:00","twitter_card":"summary_large_image","schema":{"@context":"https:\/\/schema.org","@graph":[{"@type":"WebPage","@id":"https:\/\/polmarpack.com\/de\/o-firmie\/","url":"https:\/\/polmarpack.com\/de\/o-firmie\/","name":"\u00dcber uns - Polmar Pack - opakowania przemys\u0142owe, elementy opakowa\u0144, naro\u017cniki, uchwyty, profile U","isPartOf":{"@id":"https:\/\/polmarpack.com\/#website"},"datePublished":"2019-01-09T11:45:10+00:00","dateModified":"2025-07-08T12:15:27+00:00","description":"Marka PolmarPack jest w\u0142asno\u015bci\u0105 firmy Polmar Profil istniej\u0105cej na rynku tworzyw sztucznych i profili od 1991r. Produkcj\u0105 komponent\u00f3w do systemu pude\u0142 z tworzyw sztucznych zajmujemy si\u0119 od 2006r. Nowoczesny park maszynowy w tym wyt\u0142aczarki oraz wtryskarki uznanych niemieckich producent\u00f3w pozwala nam oferowa\u0107 \u015bwietne jako\u015bciowo, zaawansowane technologicznie oraz trwa\u0142e komponenty.","inLanguage":"de","potentialAction":[{"@type":"ReadAction","target":["https:\/\/polmarpack.com\/de\/o-firmie\/"]}]},{"@type":"WebSite","@id":"https:\/\/polmarpack.com\/#website","url":"https:\/\/polmarpack.com\/","name":"Polmar Pack - opakowania przemys\u0142owe, elementy opakowa\u0144, naro\u017cniki, uchwyty, profile U","description":"Projektowanie i produkcja komponent\u00f3w z tworzyw sztucznych do opakowa\u0144 przemys\u0142owych przy pomocy nowoczesnego zaplecza techniczno-maszynowego.","potentialAction":[{"@type":"SearchAction","target":{"@type":"EntryPoint","urlTemplate":"https:\/\/polmarpack.com\/?s={search_term_string}"},"query-input":{"@type":"PropertyValueSpecification","valueRequired":true,"valueName":"search_term_string"}}],"inLanguage":"de"}]}},"_links":{"self":[{"href":"https:\/\/polmarpack.com\/de\/wp-json\/wp\/v2\/pages\/4598","targetHints":{"allow":["GET"]}}],"collection":[{"href":"https:\/\/polmarpack.com\/de\/wp-json\/wp\/v2\/pages"}],"about":[{"href":"https:\/\/polmarpack.com\/de\/wp-json\/wp\/v2\/types\/page"}],"author":[{"embeddable":true,"href":"https:\/\/polmarpack.com\/de\/wp-json\/wp\/v2\/users\/1"}],"replies":[{"embeddable":true,"href":"https:\/\/polmarpack.com\/de\/wp-json\/wp\/v2\/comments?post=4598"}],"version-history":[{"count":2,"href":"https:\/\/polmarpack.com\/de\/wp-json\/wp\/v2\/pages\/4598\/revisions"}],"predecessor-version":[{"id":4600,"href":"https:\/\/polmarpack.com\/de\/wp-json\/wp\/v2\/pages\/4598\/revisions\/4600"}],"wp:attachment":[{"href":"https:\/\/polmarpack.com\/de\/wp-json\/wp\/v2\/media?parent=4598"}],"curies":[{"name":"wp","href":"https:\/\/api.w.org\/{rel}","templated":true}]}}