{"id":703,"date":"2019-01-09T12:47:35","date_gmt":"2019-01-09T11:47:35","guid":{"rendered":"http:\/\/polmarpack.pl\/kontakt\/"},"modified":"2022-09-26T08:32:39","modified_gmt":"2022-09-26T06:32:39","slug":"contact","status":"publish","type":"page","link":"https:\/\/polmarpack.com\/en\/contact\/","title":{"rendered":"Contact"},"content":{"rendered":"","protected":false},"excerpt":{"rendered":"","protected":false},"author":1,"featured_media":0,"parent":0,"menu_order":0,"comment_status":"closed","ping_status":"closed","template":"page-templates\/kontakt.php","meta":{"inline_featured_image":false,"footnotes":""},"class_list":["post-703","page","type-page","status-publish","hentry"],"acf":[],"yoast_head":"<!-- This site is optimized with the Yoast SEO plugin v27.0 - https:\/\/yoast.com\/product\/yoast-seo-wordpress\/ -->\n<title>PolmarPack - components for packaging<\/title>\n<meta name=\"description\" content=\"PolmarPack - components for packaging\" \/>\n<meta name=\"robots\" content=\"index, follow, max-snippet:-1, max-image-preview:large, max-video-preview:-1\" \/>\n<link rel=\"canonical\" href=\"https:\/\/polmarpack.com\/en\/contact\/\" \/>\n<meta property=\"og:locale\" content=\"en_US\" \/>\n<meta property=\"og:type\" content=\"article\" \/>\n<meta property=\"og:title\" content=\"PolmarPack - components for packaging\" \/>\n<meta property=\"og:description\" content=\"PolmarPack - components for packaging\" \/>\n<meta property=\"og:url\" content=\"https:\/\/polmarpack.com\/en\/contact\/\" \/>\n<meta property=\"og:site_name\" content=\"Polmar Pack - opakowania przemys\u0142owe, elementy opakowa\u0144, naro\u017cniki, uchwyty, profile U\" \/>\n<meta property=\"article:modified_time\" content=\"2022-09-26T06:32:39+00:00\" \/>\n<meta name=\"twitter:card\" content=\"summary_large_image\" \/>\n<script type=\"application\/ld+json\" class=\"yoast-schema-graph\">{\"@context\":\"https:\/\/schema.org\",\"@graph\":[{\"@type\":\"WebPage\",\"@id\":\"https:\/\/polmarpack.com\/en\/contact\/\",\"url\":\"https:\/\/polmarpack.com\/en\/contact\/\",\"name\":\"PolmarPack - components for packaging\",\"isPartOf\":{\"@id\":\"https:\/\/polmarpack.com\/#website\"},\"datePublished\":\"2019-01-09T11:47:35+00:00\",\"dateModified\":\"2022-09-26T06:32:39+00:00\",\"description\":\"PolmarPack - components for packaging\",\"inLanguage\":\"en-US\",\"potentialAction\":[{\"@type\":\"ReadAction\",\"target\":[\"https:\/\/polmarpack.com\/en\/contact\/\"]}]},{\"@type\":\"WebSite\",\"@id\":\"https:\/\/polmarpack.com\/#website\",\"url\":\"https:\/\/polmarpack.com\/\",\"name\":\"Polmar Pack - opakowania przemys\u0142owe, elementy opakowa\u0144, naro\u017cniki, uchwyty, profile U\",\"description\":\"Projektowanie i produkcja komponent\u00f3w z tworzyw sztucznych do opakowa\u0144 przemys\u0142owych przy pomocy nowoczesnego zaplecza techniczno-maszynowego.\",\"potentialAction\":[{\"@type\":\"SearchAction\",\"target\":{\"@type\":\"EntryPoint\",\"urlTemplate\":\"https:\/\/polmarpack.com\/?s={search_term_string}\"},\"query-input\":{\"@type\":\"PropertyValueSpecification\",\"valueRequired\":true,\"valueName\":\"search_term_string\"}}],\"inLanguage\":\"en-US\"}]}<\/script>\n<!-- \/ Yoast SEO plugin. -->","yoast_head_json":{"title":"PolmarPack - components for packaging","description":"PolmarPack - components for packaging","robots":{"index":"index","follow":"follow","max-snippet":"max-snippet:-1","max-image-preview":"max-image-preview:large","max-video-preview":"max-video-preview:-1"},"canonical":"https:\/\/polmarpack.com\/en\/contact\/","og_locale":"en_US","og_type":"article","og_title":"PolmarPack - components for packaging","og_description":"PolmarPack - components for packaging","og_url":"https:\/\/polmarpack.com\/en\/contact\/","og_site_name":"Polmar Pack - opakowania przemys\u0142owe, elementy opakowa\u0144, naro\u017cniki, uchwyty, profile U","article_modified_time":"2022-09-26T06:32:39+00:00","twitter_card":"summary_large_image","schema":{"@context":"https:\/\/schema.org","@graph":[{"@type":"WebPage","@id":"https:\/\/polmarpack.com\/en\/contact\/","url":"https:\/\/polmarpack.com\/en\/contact\/","name":"PolmarPack - components for packaging","isPartOf":{"@id":"https:\/\/polmarpack.com\/#website"},"datePublished":"2019-01-09T11:47:35+00:00","dateModified":"2022-09-26T06:32:39+00:00","description":"PolmarPack - components for packaging","inLanguage":"en-US","potentialAction":[{"@type":"ReadAction","target":["https:\/\/polmarpack.com\/en\/contact\/"]}]},{"@type":"WebSite","@id":"https:\/\/polmarpack.com\/#website","url":"https:\/\/polmarpack.com\/","name":"Polmar Pack - opakowania przemys\u0142owe, elementy opakowa\u0144, naro\u017cniki, uchwyty, profile U","description":"Projektowanie i produkcja komponent\u00f3w z tworzyw sztucznych do opakowa\u0144 przemys\u0142owych przy pomocy nowoczesnego zaplecza techniczno-maszynowego.","potentialAction":[{"@type":"SearchAction","target":{"@type":"EntryPoint","urlTemplate":"https:\/\/polmarpack.com\/?s={search_term_string}"},"query-input":{"@type":"PropertyValueSpecification","valueRequired":true,"valueName":"search_term_string"}}],"inLanguage":"en-US"}]}},"_links":{"self":[{"href":"https:\/\/polmarpack.com\/en\/wp-json\/wp\/v2\/pages\/703","targetHints":{"allow":["GET"]}}],"collection":[{"href":"https:\/\/polmarpack.com\/en\/wp-json\/wp\/v2\/pages"}],"about":[{"href":"https:\/\/polmarpack.com\/en\/wp-json\/wp\/v2\/types\/page"}],"author":[{"embeddable":true,"href":"https:\/\/polmarpack.com\/en\/wp-json\/wp\/v2\/users\/1"}],"replies":[{"embeddable":true,"href":"https:\/\/polmarpack.com\/en\/wp-json\/wp\/v2\/comments?post=703"}],"version-history":[{"count":9,"href":"https:\/\/polmarpack.com\/en\/wp-json\/wp\/v2\/pages\/703\/revisions"}],"predecessor-version":[{"id":2481,"href":"https:\/\/polmarpack.com\/en\/wp-json\/wp\/v2\/pages\/703\/revisions\/2481"}],"wp:attachment":[{"href":"https:\/\/polmarpack.com\/en\/wp-json\/wp\/v2\/media?parent=703"}],"curies":[{"name":"wp","href":"https:\/\/api.w.org\/{rel}","templated":true}]}}